{"id":18267,"date":"2019-12-10T09:21:57","date_gmt":"2019-12-10T14:21:57","guid":{"rendered":"https:\/\/wildexpedition.com\/?page_id=18267"},"modified":"2024-03-26T11:03:02","modified_gmt":"2024-03-26T16:03:02","slug":"politica-de-cookies","status":"publish","type":"page","link":"https:\/\/wildexpedition.com\/es\/politica-de-cookies\/","title":{"rendered":"Pol\u00edtica de cookies"},"content":{"rendered":"<div class=\"wp-block-remote-x-container-block content-narrow\">\n<p>Este aviso de privacidad revela las pr\u00e1cticas de privacidad de <strong>Expedici\u00f3n Salvaje S.A.S<\/strong> (ahora Wild Expedition). A Wild Expedition poder\u00e1 recolher, atrav\u00e9s do seu website e outras plataformas informativas, dados pessoais de clientes, funcion\u00e1rios ou profissionais, para todas as pessoas f\u00edsicas e\/ou entidades. As informa\u00e7\u00f5es recolhidas poder\u00e3o ser utilizadas para materializar poss\u00edveis rela\u00e7\u00f5es legais com clientes, fornecedores, ou com os funcion\u00e1rios para desenvolver o objectivo social da empresa.&nbsp;<\/p>\n\n\n\n<p>En cuanto a las palabras mencionadas anteriormente, y de acuerdo con la ley 1581 de 2012, el Decreto 1077 de 2013, y el Decreto 1074 de 2015, Expedici\u00f3n Salvaje tiene un <strong>Pol\u00edtica de protecci\u00f3n de datos personales<\/strong> que se pueden visitar <a href=\"https:\/\/wildexpedition.com\/wp-content\/uploads\/2020\/08\/politica_de_tratamiento_de_datos_personales_de_aventure_colombia_s.a.s-2018.pdf\">a trav\u00e9s de este enlace<\/a>&nbsp;<\/p>\n\n\n\n<p>El responsable del tratamiento de estos datos ser\u00e1 Wild Expedition, empresa cuya sede principal se encuentra en Bogot\u00e1, Colombia en esta direcci\u00f3n: Avenida Jim\u00e9nez # 4-49, oficina 204. Correo electr\u00f3nico : <a href=\"mailto:info@wildexpedition.com\">info@wildexpedition.com<\/a> tel\u00e9fono : (+57) 1 702 7069.<\/p>\n\n\n\n<p>Los datos personales recogidos se tratar\u00e1n de la siguiente manera :&nbsp;<\/p>\n\n\n\n<ul class=\"wp-block-list\">\n<li>Conocer, reunir y procesar toda la informaci\u00f3n de una o varias bases de datos, en el formato m\u00e1s adecuado; clasificar, organizar, catalogar, dividir o separar la informaci\u00f3n proporcionada. &nbsp;<\/li>\n\n\n\n<li>Verificar, confirmar, aprobar, buscar y comparar la informaci\u00f3n proporcionada por Usted, con cualquier informaci\u00f3n de la que dispongamos legalmente.&nbsp;<\/li>\n\n\n\n<li>Acceder, visitar, comparar y evaluar toda la informaci\u00f3n recogida en las bases de datos de cualquier central de evaluaci\u00f3n de riesgos crediticios, financieros, de antecedentes penales o de antecedentes de seguridad leg\u00edtimamente constituidos, ya sean p\u00fablicos o privados, nacionales o internacionales. &nbsp;<\/li>\n\n\n\n<li>Analizar, procesar, evaluar o comparar la informaci\u00f3n facilitada con el fin de respetar la normativa sobre tratamiento de datos.&nbsp;<\/li>\n<\/ul>\n\n\n\n<p>En caso de que Wild Expedition no pueda realizar por s\u00ed misma el tratamiento de los datos personales, la empresa podr\u00e1 ceder los datos para que sean tratados por un tercero, que ser\u00e1 el encargado del tratamiento de los datos y deber\u00e1 garantizar las condiciones legales de confidencialidad y seguridad de la informaci\u00f3n cedida para su tratamiento.&nbsp;<\/p>\n\n\n\n<p>Wild Expedition podr\u00e1 utilizar y tratar datos personales sensibles cuando :&nbsp;<\/p>\n\n\n\n<ul class=\"wp-block-list\">\n<li>El titular da su consentimiento expl\u00edcito, salvo en los casos en que la ley no exija este permiso.<\/li>\n\n\n\n<li>El tratamiento de datos necesario para preservar el inter\u00e9s vital del Titular, que se encuentra f\u00edsica y jur\u00eddicamente en estado de discapacidad. En su caso, los representantes legales deber\u00e1n dar su autorizaci\u00f3n.&nbsp;<\/li>\n\n\n\n<li>El tratamiento se realiza en el marco de actividades leg\u00edtimas con las debidas garant\u00edas otorgadas por una fundaci\u00f3n, ONG, organizaci\u00f3n, o cualquier otro tipo de organizaci\u00f3n sin \u00e1nimo de lucro con una finalidad que puede ser : pol\u00edtica, filos\u00f3fica, religiosa o sindical, que siempre se refiere exclusivamente a miembros y personas que mantienen un contacto regular debido a su finalidad. En su caso, los datos podr\u00e1n ser facilitados a un tercero sin la autorizaci\u00f3n del Titular.&nbsp;<\/li>\n\n\n\n<li>El tratamiento se refiere a datos que son necesarios para la apreciaci\u00f3n, el ejercicio o la defensa de un derecho en un proceso judicial.&nbsp;<\/li>\n\n\n\n<li>El tratamiento tiene una finalidad hist\u00f3rica, estad\u00edstica o cient\u00edfica. Si procede, habr\u00e1 que adoptar las medidas establecidas en relaci\u00f3n con la retenci\u00f3n de la identidad del Titular.&nbsp;<\/li>\n<\/ul>\n\n\n\n<p>En cualquier caso, en relaci\u00f3n con el tratamiento de datos personales sensibles, se requiere un permiso del Titular previo, expl\u00edcito e informativo. El permiso deber\u00e1 ser adquirido de cualquier forma posible siempre que pueda ser consultado y verificado posteriormente.&nbsp;<\/p>\n\n\n\n<p>En este contexto, los datos personales recogidos se utilizar\u00e1n para los siguientes fines :&nbsp;<\/p>\n\n\n\n<ul class=\"wp-block-list\">\n<li>Elaborar internamente c\u00e1lculos de estad\u00edsticas, control y seguimiento de los indicadores de medici\u00f3n del flujo en la p\u00e1gina web, y medici\u00f3n del nivel de satisfacci\u00f3n.<\/li>\n\n\n\n<li>Producir actividades de mercado y promoci\u00f3n de productos y servicios ofrecidos por la EMPRESA y aliados estrat\u00e9gicos, env\u00edo de encuestas, newsletter y correo (electr\u00f3nico o postal).&nbsp;<\/li>\n\n\n\n<li>Suministrar los productos y\/o ejecutar los servicios adquiridos de nuestros clientes y\/o cumplir las obligaciones relacionadas con dichos servicios. Por ejemplo, informar a los diversos operadores de actividades tur\u00edsticas ofrecidas sobre temas espec\u00edficos relacionados con las condiciones e itinerarios de la actividad desarrollada y\/o sobre las restricciones sanitarias, medicamentos, dieta y\/o cualquier otra informaci\u00f3n para el participante de la actividad tur\u00edstica, operada directa o indirectamente por la Empresa. En caso necesario, durante el desarrollo del servicio prestado, comunicarse con el contacto de emergencia.<\/li>\n\n\n\n<li>Cumplir obligaciones legales, reglamentarias o contractuales que se desprendan de diversas relaciones jur\u00eddicas contra\u00eddas con el Titular de los datos personales (clientes, proveedores, empleados).<\/li>\n<\/ul>\n\n\n\n<p>Los titulares de datos personales tendr\u00e1n los siguientes derechos :&nbsp;<\/p>\n\n\n\n<ul class=\"wp-block-list\">\n<li>Conocer, actualizar y rectificar los datos personales frente al responsable del Tratamiento, o ejercer el derecho frente a quien recibi\u00f3 los datos tras una cesi\u00f3n de los mismos. Este derecho podr\u00e1 ejercerse sobre datos, entre otros, parciales, inexactos, incompletos, fraccionados, que induzcan a error, o cuyo Tratamiento haya sido expresamente prohibido o no permitido.&nbsp;<\/li>\n\n\n\n<li>Solicitar una prueba de la autorizaci\u00f3n otorgada al Responsable del Tratamiento, salvo que se acuerde expl\u00edcitamente como condici\u00f3n necesaria para el Tratamiento.<\/li>\n\n\n\n<li>Ser informado del Tratamiento, previa solicitud, de acuerdo con el uso dado a los datos personales.&nbsp;<\/li>\n\n\n\n<li>Presentar una denuncia por infracci\u00f3n del r\u00e9gimen de protecci\u00f3n de datos personales ante la Autoridad de Control de Industria y Comercio.<\/li>\n\n\n\n<li>Revocar la autorizaci\u00f3n y\/o solicitar la supresi\u00f3n de los datos personales cuando el tratamiento no respete los principios, derechos y garant\u00edas constitucionales y legales.&nbsp;<\/li>\n\n\n\n<li>Acceder libremente a los datos personales en tr\u00e1mite.&nbsp;<\/li>\n\n\n\n<li>Solicitar plazos de conservaci\u00f3n y supresi\u00f3n de la informaci\u00f3n, y actualizar los datos. &nbsp;<br>En nombre de la empresa, tratamos la informaci\u00f3n que nos facilita con el fin de enviarle informaci\u00f3n relacionada con nuestros productos y servicios mediante bolet\u00edn informativo y para ponernos en contacto con usted por correo electr\u00f3nico o tel\u00e9fono en el contexto de su viaje a Am\u00e9rica Latina. Los datos facilitados se conservar\u00e1n mientras usted no solicite el cese de la actividad. Los datos no se transferir\u00e1n a terceros, salvo obligaci\u00f3n legal. Usted tiene derecho a obtener confirmaci\u00f3n sobre si en Wild Expedition S.A.S. estamos tratando sus datos personales por tanto tiene derecho a acceder a sus datos personales, rectificar los datos inexactos o solicitar su supresi\u00f3n cuando los datos ya no sean necesarios para los fines que fueron recogidos inicialmente.&nbsp;<\/li>\n<\/ul>\n\n\n\n<p>Para m\u00e1s informaci\u00f3n, reclamaci\u00f3n, actualizaci\u00f3n o solicitud de eliminaci\u00f3n de datos, puede enviarnos un correo a Caminho Municipal das Paredes 7, Casas Pr\u00f3ximas CCI 101 ) 9225-051 Porto da cruz<br>Ilha de Madeira o un correo electr\u00f3nico a <a href=\"mailto:info@wildexpedition.com\">info@wildexpedition.com<\/a>.<\/p>\n<\/div>","protected":false},"excerpt":{"rendered":"","protected":false},"author":27,"featured_media":0,"parent":0,"menu_order":7,"comment_status":"closed","ping_status":"closed","template":"","meta":{"_acf_changed":false,"_seopress_robots_primary_cat":"","_seopress_titles_title":"","_seopress_titles_desc":"Discover in full transparency the policy and privacy notice of the Aventure Colombia agency","_seopress_robots_index":"","iawp_total_views":42,"footnotes":""},"class_list":["post-18267","page","type-page","status-publish","hentry"],"acf":[],"_links":{"self":[{"href":"https:\/\/wildexpedition.com\/es\/wp-json\/wp\/v2\/pages\/18267","targetHints":{"allow":["GET"]}}],"collection":[{"href":"https:\/\/wildexpedition.com\/es\/wp-json\/wp\/v2\/pages"}],"about":[{"href":"https:\/\/wildexpedition.com\/es\/wp-json\/wp\/v2\/types\/page"}],"author":[{"embeddable":true,"href":"https:\/\/wildexpedition.com\/es\/wp-json\/wp\/v2\/users\/27"}],"replies":[{"embeddable":true,"href":"https:\/\/wildexpedition.com\/es\/wp-json\/wp\/v2\/comments?post=18267"}],"version-history":[{"count":1,"href":"https:\/\/wildexpedition.com\/es\/wp-json\/wp\/v2\/pages\/18267\/revisions"}],"predecessor-version":[{"id":79618,"href":"https:\/\/wildexpedition.com\/es\/wp-json\/wp\/v2\/pages\/18267\/revisions\/79618"}],"wp:attachment":[{"href":"https:\/\/wildexpedition.com\/es\/wp-json\/wp\/v2\/media?parent=18267"}],"curies":[{"name":"wp","href":"https:\/\/api.w.org\/{rel}","templated":true}]}}