{"id":78777,"date":"2023-11-07T15:21:46","date_gmt":"2023-11-07T20:21:46","guid":{"rendered":"https:\/\/wildexpedition.com\/?page_id=78777"},"modified":"2024-06-08T08:17:26","modified_gmt":"2024-06-08T13:17:26","slug":"fixer-and-press-trips-latin-america","status":"publish","type":"page","link":"https:\/\/wildexpedition.com\/es\/fixer-and-press-trips-latin-america\/","title":{"rendered":"Descubra Sudam\u00e9rica con los Pioneros de la Aventura"},"content":{"rendered":"<div class=\"wp-block-remote-x-blocks-container\">\n<h3 class=\"wp-block-heading\">Aventure Colombia y WildExpedition: Viajes \u00fanicos para curiosos y creativos<\/h3>\n\n\n\n<p>Descubra un mundo de aventuras con Aventure Colombia y WildExpedition.com, l\u00edderes en experiencias de viaje personalizadas y coordinaci\u00f3n de viajes de prensa. Con casi veinte a\u00f1os de experiencia pionera, nos hemos aventurado en territorios inexplorados, recibiendo con orgullo a los primeros periodistas de Lonely Planet en Colombia. Ahora, estamos encantados de ampliar nuestros horizontes y ofrecer viajes inolvidables por toda Sudam\u00e9rica.<\/p>\n<\/div>\n\n\n\n<div class=\"wp-block-remote-x-blocks-container columns-2 column-on--s column-on--m reverse-columns-2 gap-m\">\n<figure class=\"wp-block-image size-large\"><img alt=\"\" decoding=\"async\" src=\"https:\/\/wildexpedition.com\/wp-content\/uploads\/2023\/11\/Fixer-in-Colombia-and-Latin-America-626x352.jpg\" class=\"wp-image-78780\"\/><\/figure>\n\n\n\n<div class=\"wp-block-remote-x-blocks-container\">\n<h2 class=\"wp-block-heading\">Una agencia especializada en la excelencia audiovisual<\/h2>\n\n\n\n<p>\u00bfTiene un proyecto audiovisual en Colombia? Deje que <a href=\"https:\/\/aventurecolombia.com\/\">Aventure Colombia<\/a> y WildExpedition convierten su visi\u00f3n en una realidad. Gracias a nuestra experiencia, su documental ser\u00e1 algo m\u00e1s que un proyecto: ser\u00e1 un viaje para contar historias apasionantes. Nosotros nos encargamos de la log\u00edstica; usted captura la magia.<\/p>\n<\/div>\n<\/div>\n\n\n\n<div class=\"wp-block-remote-x-blocks-container auto-grid\">\n<div class=\"wp-block-remote-x-blocks-container\">\n<h4 class=\"wp-block-heading\">Log\u00edstica que libera la creatividad<\/h4>\n\n\n\n<ul class=\"wp-block-list\">\n<li><strong>Soluciones de alojamiento a medida<\/strong>: Desde refugios en la selva a oasis urbanos, encuentre su estancia perfecta.<\/li>\n\n\n\n<li><strong>Movilidad a su medida<\/strong>: Acceda a nuestra flota de alquiler de veh\u00edculos y transporte privado.<\/li>\n\n\n\n<li><strong>D\u00e9 rienda suelta a su visi\u00f3n<\/strong>: Equipos profesionales de fotograf\u00eda, v\u00eddeo, drones y camping al alcance de tu mano.<\/li>\n<\/ul>\n<\/div>\n\n\n\n<figure class=\"wp-block-image size-full\"><img alt=\"\" loading=\"lazy\" decoding=\"async\" width=\"750\" height=\"501\" src=\"https:\/\/wildexpedition.com\/wp-content\/uploads\/2023\/11\/Press-trip-Colombia-and-Latin-America-WildExpedition-and-Aventure-Colombia-18.jpg\" class=\"wp-image-78827\" srcset=\"https:\/\/wildexpedition.com\/wp-content\/uploads\/2023\/11\/Press-trip-Colombia-and-Latin-America-WildExpedition-and-Aventure-Colombia-18.jpg 750w, https:\/\/wildexpedition.com\/wp-content\/uploads\/2023\/11\/Press-trip-Colombia-and-Latin-America-WildExpedition-and-Aventure-Colombia-18-400x267.jpg 400w, https:\/\/wildexpedition.com\/wp-content\/uploads\/2023\/11\/Press-trip-Colombia-and-Latin-America-WildExpedition-and-Aventure-Colombia-18-689x460.jpg 689w, https:\/\/wildexpedition.com\/wp-content\/uploads\/2023\/11\/Press-trip-Colombia-and-Latin-America-WildExpedition-and-Aventure-Colombia-18-380x254.jpg 380w, https:\/\/wildexpedition.com\/wp-content\/uploads\/2023\/11\/Press-trip-Colombia-and-Latin-America-WildExpedition-and-Aventure-Colombia-18-328x219.jpg 328w, https:\/\/wildexpedition.com\/wp-content\/uploads\/2023\/11\/Press-trip-Colombia-and-Latin-America-WildExpedition-and-Aventure-Colombia-18-250x167.jpg 250w, https:\/\/wildexpedition.com\/wp-content\/uploads\/2023\/11\/Press-trip-Colombia-and-Latin-America-WildExpedition-and-Aventure-Colombia-18-18x12.jpg 18w\" sizes=\"auto, (max-width: 750px) 100vw, 750px\" \/><\/figure>\n<\/div>\n\n\n\n<div class=\"wp-block-remote-x-blocks-container columns-2 column-on--s column-on--m reverse-columns-2 gap-m\">\n<figure class=\"wp-block-image size-full\"><img alt=\"\" loading=\"lazy\" decoding=\"async\" width=\"1200\" height=\"677\" src=\"https:\/\/wildexpedition.com\/wp-content\/uploads\/2023\/11\/Press-trip-Colombia-and-Latin-America-WildExpedition-and-Aventure-Colombia-17.jpg\" class=\"wp-image-78826\" srcset=\"https:\/\/wildexpedition.com\/wp-content\/uploads\/2023\/11\/Press-trip-Colombia-and-Latin-America-WildExpedition-and-Aventure-Colombia-17.jpg 1200w, https:\/\/wildexpedition.com\/wp-content\/uploads\/2023\/11\/Press-trip-Colombia-and-Latin-America-WildExpedition-and-Aventure-Colombia-17-400x226.jpg 400w, https:\/\/wildexpedition.com\/wp-content\/uploads\/2023\/11\/Press-trip-Colombia-and-Latin-America-WildExpedition-and-Aventure-Colombia-17-689x389.jpg 689w, https:\/\/wildexpedition.com\/wp-content\/uploads\/2023\/11\/Press-trip-Colombia-and-Latin-America-WildExpedition-and-Aventure-Colombia-17-768x433.jpg 768w, https:\/\/wildexpedition.com\/wp-content\/uploads\/2023\/11\/Press-trip-Colombia-and-Latin-America-WildExpedition-and-Aventure-Colombia-17-380x214.jpg 380w, https:\/\/wildexpedition.com\/wp-content\/uploads\/2023\/11\/Press-trip-Colombia-and-Latin-America-WildExpedition-and-Aventure-Colombia-17-328x185.jpg 328w, https:\/\/wildexpedition.com\/wp-content\/uploads\/2023\/11\/Press-trip-Colombia-and-Latin-America-WildExpedition-and-Aventure-Colombia-17-250x141.jpg 250w, https:\/\/wildexpedition.com\/wp-content\/uploads\/2023\/11\/Press-trip-Colombia-and-Latin-America-WildExpedition-and-Aventure-Colombia-17-18x10.jpg 18w, https:\/\/wildexpedition.com\/wp-content\/uploads\/2023\/11\/Press-trip-Colombia-and-Latin-America-WildExpedition-and-Aventure-Colombia-17-800x451.jpg 800w\" sizes=\"auto, (max-width: 1200px) 100vw, 1200px\" \/><\/figure>\n\n\n\n<div class=\"wp-block-remote-x-blocks-container\">\n<h3 class=\"wp-block-heading\">Asistencia t\u00e9cnica que eleva su historia<\/h3>\n\n\n\n<ul class=\"wp-block-list\">\n<li><strong>Obtenci\u00f3n de permisos<\/strong>: Supera con facilidad los tr\u00e1mites legales para disparar desde tierra y con drones.<\/li>\n\n\n\n<li><strong>Recursos visuales<\/strong>: Sum\u00e9rjase en nuestro amplio banco de im\u00e1genes y v\u00eddeos.<\/li>\n<\/ul>\n<\/div>\n<\/div>\n\n\n\n<div class=\"wp-block-remote-x-blocks-container auto-grid\">\n<div class=\"wp-block-remote-x-blocks-container\">\n<h3 class=\"wp-block-heading\">Una red sin fronteras<\/h3>\n\n\n\n<ul class=\"wp-block-list\">\n<li><strong>Conexiones en todo el pa\u00eds<\/strong>: Aproveche nuestro alcance desde cinco oficinas estrat\u00e9gicas.<\/li>\n\n\n\n<li><strong>Conductos culturales<\/strong>: Colabore con gu\u00edas y traductores locales para obtener relatos aut\u00e9nticos.<\/li>\n\n\n\n<li><strong>Asesoramiento sobre contenidos a medida<\/strong>: Benef\u00edciese del asesoramiento sobre el terreno para obtener contenidos que resuenen.<\/li>\n<\/ul>\n<\/div>\n\n\n\n<figure class=\"wp-block-image size-large\"><img decoding=\"async\" src=\"https:\/\/wildexpedition.com\/wp-content\/uploads\/2023\/08\/Araracuara-Caqueta-Colombia-@MatBohringer-1200x800.jpg\" alt=\"Araracuara Caqueta Colombia @MatBohringer\" class=\"wp-image-71976\"\/><\/figure>\n<\/div>\n\n\n\n<div class=\"wp-block-remote-x-blocks-container section\">\n<h2 class=\"wp-block-heading quotation has-theme-palette-8-color has-text-color\">Desde el concepto hasta la creaci\u00f3n: \u00a1deje que WildExpedition y Aventure Colombia den vida a su relato sudamericano!<\/h2>\n<\/div>","protected":false},"excerpt":{"rendered":"","protected":false},"author":28,"featured_media":0,"parent":0,"menu_order":0,"comment_status":"closed","ping_status":"closed","template":"","meta":{"_acf_changed":false,"_seopress_robots_primary_cat":"","_seopress_titles_title":"","_seopress_titles_desc":"","_seopress_robots_index":"","iawp_total_views":87,"footnotes":""},"class_list":["post-78777","page","type-page","status-publish","hentry"],"acf":[],"_links":{"self":[{"href":"https:\/\/wildexpedition.com\/es\/wp-json\/wp\/v2\/pages\/78777","targetHints":{"allow":["GET"]}}],"collection":[{"href":"https:\/\/wildexpedition.com\/es\/wp-json\/wp\/v2\/pages"}],"about":[{"href":"https:\/\/wildexpedition.com\/es\/wp-json\/wp\/v2\/types\/page"}],"author":[{"embeddable":true,"href":"https:\/\/wildexpedition.com\/es\/wp-json\/wp\/v2\/users\/28"}],"replies":[{"embeddable":true,"href":"https:\/\/wildexpedition.com\/es\/wp-json\/wp\/v2\/comments?post=78777"}],"version-history":[{"count":14,"href":"https:\/\/wildexpedition.com\/es\/wp-json\/wp\/v2\/pages\/78777\/revisions"}],"predecessor-version":[{"id":86075,"href":"https:\/\/wildexpedition.com\/es\/wp-json\/wp\/v2\/pages\/78777\/revisions\/86075"}],"wp:attachment":[{"href":"https:\/\/wildexpedition.com\/es\/wp-json\/wp\/v2\/media?parent=78777"}],"curies":[{"name":"wp","href":"https:\/\/api.w.org\/{rel}","templated":true}]}}