{"id":93716,"date":"2026-04-21T10:34:39","date_gmt":"2026-04-21T15:34:39","guid":{"rendered":"https:\/\/wildexpedition.com\/store\/"},"modified":"2026-04-24T11:09:36","modified_gmt":"2026-04-24T16:09:36","slug":"tienda","status":"publish","type":"page","link":"https:\/\/wildexpedition.com\/es\/tienda\/","title":{"rendered":"Tienda Responsable"},"content":{"rendered":"<p class=\"translation-block\">Compra con prop\u00f3sito: ay\u00fadanos a apoyar la conservaci\u00f3n de la biodiversidad en Colombia con la Fundaci\u00f3n Wild Colombia.\nDescubre hoy nuestra colecci\u00f3n de fotograf\u00edas. \u00a1Y mantente atento, nuevos productos llegar\u00e1n pronto!\nTodos los precios que se muestran en este sitio est\u00e1n en pesos colombianos (COP).<\/p>\n\n\n<div id=\"dynamic-ec-store-container\" class=\"\"><!-- Ecwid shopping cart plugin v 7.0.8 --><!--noptimize--><script data-cfasync=\"false\" data-no-optimize=\"1\" src=\"https:\/\/app.ecwid.com\/script.js?133850006&data_platform=wporg&lang=es\"><\/script><script data-cfasync=\"false\" data-no-optimize=\"1\">if (typeof jQuery !== undefined && jQuery.mobile) { jQuery.mobile.hashListeningEnabled = false; jQuery.mobile.pushStateEnabled=false; }<\/script><!--\/noptimize--><div id=\"ecwid-store-133850006\" class=\"ecwid-shopping-cart-product-browser\" data-ecwid-default-category-id=\"0\"><\/div><script data-cfasync=\"false\" data-no-optimize=\"1\" type=\"text\/javascript\">xProductBrowser(\"id=ecwid-store-133850006\",\"views=grid(20,3) list(60) table(60)\",\"default_page=\");<\/script><!-- END Ecwid Shopping Cart v 7.0.8 --><\/div>","protected":false},"excerpt":{"rendered":"<p class=\"translation-block\">Compra con prop\u00f3sito: ay\u00fadanos a apoyar la conservaci\u00f3n de la biodiversidad en Colombia con la Fundaci\u00f3n Wild Colombia.\nDescubre hoy nuestra colecci\u00f3n de fotograf\u00edas. \u00a1Y mantente atento, nuevos productos llegar\u00e1n pronto!\nTodos los precios que se muestran en este sitio est\u00e1n en pesos colombianos (COP).<\/p>","protected":false},"author":28,"featured_media":0,"parent":0,"menu_order":0,"comment_status":"closed","ping_status":"closed","template":"","meta":{"_acf_changed":false,"_seopress_robots_primary_cat":"","_seopress_titles_title":"","_seopress_titles_desc":"","_seopress_robots_index":"","_seopress_analysis_target_kw":"","iawp_total_views":663,"footnotes":""},"class_list":["post-93716","page","type-page","status-publish","hentry"],"acf":[],"_links":{"self":[{"href":"https:\/\/wildexpedition.com\/es\/wp-json\/wp\/v2\/pages\/93716","targetHints":{"allow":["GET"]}}],"collection":[{"href":"https:\/\/wildexpedition.com\/es\/wp-json\/wp\/v2\/pages"}],"about":[{"href":"https:\/\/wildexpedition.com\/es\/wp-json\/wp\/v2\/types\/page"}],"author":[{"embeddable":true,"href":"https:\/\/wildexpedition.com\/es\/wp-json\/wp\/v2\/users\/28"}],"replies":[{"embeddable":true,"href":"https:\/\/wildexpedition.com\/es\/wp-json\/wp\/v2\/comments?post=93716"}],"version-history":[{"count":7,"href":"https:\/\/wildexpedition.com\/es\/wp-json\/wp\/v2\/pages\/93716\/revisions"}],"predecessor-version":[{"id":93725,"href":"https:\/\/wildexpedition.com\/es\/wp-json\/wp\/v2\/pages\/93716\/revisions\/93725"}],"wp:attachment":[{"href":"https:\/\/wildexpedition.com\/es\/wp-json\/wp\/v2\/media?parent=93716"}],"curies":[{"name":"wp","href":"https:\/\/api.w.org\/{rel}","templated":true}]}}