{"id":78777,"date":"2023-11-07T15:21:46","date_gmt":"2023-11-07T20:21:46","guid":{"rendered":"https:\/\/wildexpedition.com\/?page_id=78777"},"modified":"2024-06-08T08:17:26","modified_gmt":"2024-06-08T13:17:26","slug":"fixer-et-presser-voyages-latin-amerique","status":"publish","type":"page","link":"https:\/\/wildexpedition.com\/fr\/fixer-et-presser-voyages-latin-amerique\/","title":{"rendered":"D\u00e9couvrir l'Am\u00e9rique du Sud avec les pionniers de l'aventure"},"content":{"rendered":"<div class=\"wp-block-remote-x-blocks-container\">\n<h3 class=\"wp-block-heading\">Aventure Colombia &amp; WildExpedition : Des voyages uniques pour les curieux et les cr\u00e9atifs<\/h3>\n\n\n\n<p>D\u00e9couvrez un monde d'aventures avec Aventure Colombia et WildExpedition.com, les leaders en mati\u00e8re d'exp\u00e9riences de voyage personnalis\u00e9es et de coordination de voyages de presse. Avec pr\u00e8s de vingt ans d'expertise pionni\u00e8re, nous nous sommes aventur\u00e9s dans des territoires inexplor\u00e9s, accueillant fi\u00e8rement les tout premiers journalistes de Lonely Planet en Colombie. Aujourd'hui, nous sommes ravis d'\u00e9largir nos horizons et de proposer des voyages inoubliables dans toute l'Am\u00e9rique du Sud.<\/p>\n<\/div>\n\n\n\n<div class=\"wp-block-remote-x-blocks-container columns-2 column-on--s column-on--m reverse-columns-2 gap-m\">\n<figure class=\"wp-block-image size-large\"><img alt=\"\" decoding=\"async\" src=\"https:\/\/wildexpedition.com\/wp-content\/uploads\/2023\/11\/Fixer-in-Colombia-and-Latin-America-626x352.jpg\" class=\"wp-image-78780\"\/><\/figure>\n\n\n\n<div class=\"wp-block-remote-x-blocks-container\">\n<h2 class=\"wp-block-heading\">Une agence sp\u00e9cialis\u00e9e dans l'excellence audiovisuelle<\/h2>\n\n\n\n<p>Vous avez un projet audiovisuel en Colombie ? Laissez <a href=\"https:\/\/aventurecolombia.com\/\">Aventure Colombie<\/a> et WildExpedition transformer votre vision en une r\u00e9alit\u00e9. Gr\u00e2ce \u00e0 notre expertise, votre documentaire sera plus qu'un simple projet ; il s'agira d'un voyage au cours duquel vous raconterez des histoires passionnantes. Nous nous occupons de la logistique, vous capturez la magie.<\/p>\n<\/div>\n<\/div>\n\n\n\n<div class=\"wp-block-remote-x-blocks-container auto-grid\">\n<div class=\"wp-block-remote-x-blocks-container\">\n<h4 class=\"wp-block-heading\">Une logistique qui lib\u00e8re la cr\u00e9ativit\u00e9<\/h4>\n\n\n\n<ul class=\"wp-block-list\">\n<li><strong>Solutions d'h\u00e9bergement sur mesure<\/strong>: Des lodges dans la jungle aux oasis urbaines, trouvez le s\u00e9jour id\u00e9al.<\/li>\n\n\n\n<li><strong>La mobilit\u00e9 selon vos conditions<\/strong>: Acc\u00e9dez \u00e0 notre flotte pour la location de v\u00e9hicules et le transport priv\u00e9.<\/li>\n\n\n\n<li><strong>Lib\u00e9rez votre vision<\/strong>: Le mat\u00e9riel professionnel pour la photo, la vid\u00e9o, les drones et le camping \u00e0 port\u00e9e de main.<\/li>\n<\/ul>\n<\/div>\n\n\n\n<figure class=\"wp-block-image size-full\"><img alt=\"\" loading=\"lazy\" decoding=\"async\" width=\"750\" height=\"501\" src=\"https:\/\/wildexpedition.com\/wp-content\/uploads\/2023\/11\/Press-trip-Colombia-and-Latin-America-WildExpedition-and-Aventure-Colombia-18.jpg\" class=\"wp-image-78827\" srcset=\"https:\/\/wildexpedition.com\/wp-content\/uploads\/2023\/11\/Press-trip-Colombia-and-Latin-America-WildExpedition-and-Aventure-Colombia-18.jpg 750w, https:\/\/wildexpedition.com\/wp-content\/uploads\/2023\/11\/Press-trip-Colombia-and-Latin-America-WildExpedition-and-Aventure-Colombia-18-400x267.jpg 400w, https:\/\/wildexpedition.com\/wp-content\/uploads\/2023\/11\/Press-trip-Colombia-and-Latin-America-WildExpedition-and-Aventure-Colombia-18-689x460.jpg 689w, https:\/\/wildexpedition.com\/wp-content\/uploads\/2023\/11\/Press-trip-Colombia-and-Latin-America-WildExpedition-and-Aventure-Colombia-18-380x254.jpg 380w, https:\/\/wildexpedition.com\/wp-content\/uploads\/2023\/11\/Press-trip-Colombia-and-Latin-America-WildExpedition-and-Aventure-Colombia-18-328x219.jpg 328w, https:\/\/wildexpedition.com\/wp-content\/uploads\/2023\/11\/Press-trip-Colombia-and-Latin-America-WildExpedition-and-Aventure-Colombia-18-250x167.jpg 250w, https:\/\/wildexpedition.com\/wp-content\/uploads\/2023\/11\/Press-trip-Colombia-and-Latin-America-WildExpedition-and-Aventure-Colombia-18-18x12.jpg 18w\" sizes=\"auto, (max-width: 750px) 100vw, 750px\" \/><\/figure>\n<\/div>\n\n\n\n<div class=\"wp-block-remote-x-blocks-container columns-2 column-on--s column-on--m reverse-columns-2 gap-m\">\n<figure class=\"wp-block-image size-full\"><img alt=\"\" loading=\"lazy\" decoding=\"async\" width=\"1200\" height=\"677\" src=\"https:\/\/wildexpedition.com\/wp-content\/uploads\/2023\/11\/Press-trip-Colombia-and-Latin-America-WildExpedition-and-Aventure-Colombia-17.jpg\" class=\"wp-image-78826\" srcset=\"https:\/\/wildexpedition.com\/wp-content\/uploads\/2023\/11\/Press-trip-Colombia-and-Latin-America-WildExpedition-and-Aventure-Colombia-17.jpg 1200w, https:\/\/wildexpedition.com\/wp-content\/uploads\/2023\/11\/Press-trip-Colombia-and-Latin-America-WildExpedition-and-Aventure-Colombia-17-400x226.jpg 400w, https:\/\/wildexpedition.com\/wp-content\/uploads\/2023\/11\/Press-trip-Colombia-and-Latin-America-WildExpedition-and-Aventure-Colombia-17-689x389.jpg 689w, https:\/\/wildexpedition.com\/wp-content\/uploads\/2023\/11\/Press-trip-Colombia-and-Latin-America-WildExpedition-and-Aventure-Colombia-17-768x433.jpg 768w, https:\/\/wildexpedition.com\/wp-content\/uploads\/2023\/11\/Press-trip-Colombia-and-Latin-America-WildExpedition-and-Aventure-Colombia-17-380x214.jpg 380w, https:\/\/wildexpedition.com\/wp-content\/uploads\/2023\/11\/Press-trip-Colombia-and-Latin-America-WildExpedition-and-Aventure-Colombia-17-328x185.jpg 328w, https:\/\/wildexpedition.com\/wp-content\/uploads\/2023\/11\/Press-trip-Colombia-and-Latin-America-WildExpedition-and-Aventure-Colombia-17-250x141.jpg 250w, https:\/\/wildexpedition.com\/wp-content\/uploads\/2023\/11\/Press-trip-Colombia-and-Latin-America-WildExpedition-and-Aventure-Colombia-17-18x10.jpg 18w, https:\/\/wildexpedition.com\/wp-content\/uploads\/2023\/11\/Press-trip-Colombia-and-Latin-America-WildExpedition-and-Aventure-Colombia-17-800x451.jpg 800w\" sizes=\"auto, (max-width: 1200px) 100vw, 1200px\" \/><\/figure>\n\n\n\n<div class=\"wp-block-remote-x-blocks-container\">\n<h3 class=\"wp-block-heading\">Une assistance technique qui donne du relief \u00e0 votre histoire<\/h3>\n\n\n\n<ul class=\"wp-block-list\">\n<li><strong>Obtention du permis<\/strong>: Naviguez facilement entre les lois relatives aux prises de vues terrestres et aux prises de vues par drone.<\/li>\n\n\n\n<li><strong>Des ressources visuelles riches<\/strong>: Plongez dans notre vaste banque d'images et de vid\u00e9os.<\/li>\n<\/ul>\n<\/div>\n<\/div>\n\n\n\n<div class=\"wp-block-remote-x-blocks-container auto-grid\">\n<div class=\"wp-block-remote-x-blocks-container\">\n<h3 class=\"wp-block-heading\">Un r\u00e9seau sans fronti\u00e8res<\/h3>\n\n\n\n<ul class=\"wp-block-list\">\n<li><strong>Connexions nationales<\/strong>: Profitez de notre port\u00e9e \u00e0 partir de cinq bureaux strat\u00e9giques.<\/li>\n\n\n\n<li><strong>Conduits culturels<\/strong>: S'engager avec des guides et des traducteurs locaux pour des r\u00e9cits authentiques.<\/li>\n\n\n\n<li><strong>Conseil en contenu sur mesure<\/strong>: B\u00e9n\u00e9ficier de conseils sur le terrain pour un contenu qui r\u00e9sonne.<\/li>\n<\/ul>\n<\/div>\n\n\n\n<figure class=\"wp-block-image size-large\"><img decoding=\"async\" src=\"https:\/\/wildexpedition.com\/wp-content\/uploads\/2023\/08\/Araracuara-Caqueta-Colombia-@MatBohringer-1200x800.jpg\" alt=\"Araracuara Caqueta Colombie @MatBohringer\" class=\"wp-image-71976\"\/><\/figure>\n<\/div>\n\n\n\n<div class=\"wp-block-remote-x-blocks-container section\">\n<h2 class=\"wp-block-heading quotation has-theme-palette-8-color has-text-color\">Du concept \u00e0 la cr\u00e9ation - laissez WildExpedition et Aventure Colombia donner vie \u00e0 votre r\u00e9cit sud-am\u00e9ricain !<\/h2>\n<\/div>","protected":false},"excerpt":{"rendered":"","protected":false},"author":28,"featured_media":0,"parent":0,"menu_order":0,"comment_status":"closed","ping_status":"closed","template":"","meta":{"_acf_changed":false,"_seopress_robots_primary_cat":"","_seopress_titles_title":"","_seopress_titles_desc":"","_seopress_robots_index":"","iawp_total_views":82,"footnotes":""},"class_list":["post-78777","page","type-page","status-publish","hentry"],"acf":[],"_links":{"self":[{"href":"https:\/\/wildexpedition.com\/fr\/wp-json\/wp\/v2\/pages\/78777","targetHints":{"allow":["GET"]}}],"collection":[{"href":"https:\/\/wildexpedition.com\/fr\/wp-json\/wp\/v2\/pages"}],"about":[{"href":"https:\/\/wildexpedition.com\/fr\/wp-json\/wp\/v2\/types\/page"}],"author":[{"embeddable":true,"href":"https:\/\/wildexpedition.com\/fr\/wp-json\/wp\/v2\/users\/28"}],"replies":[{"embeddable":true,"href":"https:\/\/wildexpedition.com\/fr\/wp-json\/wp\/v2\/comments?post=78777"}],"version-history":[{"count":14,"href":"https:\/\/wildexpedition.com\/fr\/wp-json\/wp\/v2\/pages\/78777\/revisions"}],"predecessor-version":[{"id":86075,"href":"https:\/\/wildexpedition.com\/fr\/wp-json\/wp\/v2\/pages\/78777\/revisions\/86075"}],"wp:attachment":[{"href":"https:\/\/wildexpedition.com\/fr\/wp-json\/wp\/v2\/media?parent=78777"}],"curies":[{"name":"wp","href":"https:\/\/api.w.org\/{rel}","templated":true}]}}