{"id":18267,"date":"2019-12-10T09:21:57","date_gmt":"2019-12-10T14:21:57","guid":{"rendered":"https:\/\/wildexpedition.com\/?page_id=18267"},"modified":"2024-03-26T11:03:02","modified_gmt":"2024-03-26T16:03:02","slug":"politica-de-cookies","status":"publish","type":"page","link":"https:\/\/wildexpedition.com\/pt\/politica-de-cookies\/","title":{"rendered":"Pol\u00edtica de cookies"},"content":{"rendered":"<div class=\"wp-block-remote-x-container-block content-narrow\">\n<p>Este aviso de privacidade divulga as pr\u00e1ticas de privacidade de <strong>Expedi\u00e7\u00e3o Selvagem S.A.S<\/strong> (atualmente Wild Expedition). A Wild Expedition poder\u00e1 recolher, atrav\u00e9s do seu website e de outras plataformas informativas, informa\u00e7\u00f5es pessoais de clientes, colaboradores ou profissionais, para todas as pessoas singulares e\/ou entidades. A informa\u00e7\u00e3o recolhida pode ser utilizada para concretizar potenciais rela\u00e7\u00f5es jur\u00eddicas com clientes, fornecedores ou com os colaboradores de forma a desenvolver o objetivo social da empresa.&nbsp;<\/p>\n\n\n\n<p>No que diz respeito \u00e0s palavras acima mencionadas, e de acordo com a lei 1581 de 2012, o Decreto 1077 de 2013 e o Decreto 1074 de 2015, a Wild Expedition tem um <strong>Pol\u00edtica de prote\u00e7\u00e3o de dados pessoais<\/strong> que pode ser visitado <a href=\"https:\/\/wildexpedition.com\/wp-content\/uploads\/2020\/08\/politica_de_tratamiento_de_datos_personales_de_aventure_colombia_s.a.s-2018.pdf\">atrav\u00e9s desta liga\u00e7\u00e3o<\/a>&nbsp;<\/p>\n\n\n\n<p>O respons\u00e1vel pelo tratamento destes dados ser\u00e1 a empresa Wild Expedition, com sede em Bogot\u00e1, Col\u00f4mbia, no seguinte endere\u00e7o: Avenida Jim\u00e9nez # 4-49, oficina 204. Correio eletr\u00f3nico : <a href=\"mailto:info@wildexpedition.com\">info@wildexpedition.com<\/a> , telefone: (+57) 1 702 7069.<\/p>\n\n\n\n<p>Os dados pessoais recolhidos ser\u00e3o tratados da seguinte forma :&nbsp;<\/p>\n\n\n\n<ul class=\"wp-block-list\">\n<li>Conhecer, reunir e tratar toda a informa\u00e7\u00e3o de uma ou mais bases de dados, no formato mais adequado; classificar, organizar, catalogar, dividir ou separar a informa\u00e7\u00e3o fornecida. &nbsp;<\/li>\n\n\n\n<li>Verificar, confirmar, aprovar, pesquisar e comparar as informa\u00e7\u00f5es fornecidas pelo Utilizador com quaisquer informa\u00e7\u00f5es de que disponhamos legalmente.&nbsp;<\/li>\n\n\n\n<li>Aceder, visitar, comparar e avaliar todas as informa\u00e7\u00f5es recolhidas nas bases de dados de qualquer centro de avalia\u00e7\u00e3o de risco de cr\u00e9dito, financeiro, de registo criminal ou de hist\u00f3rico de seguran\u00e7a legitimamente constitu\u00eddo, quer sejam p\u00fablicos ou privados, nacionais ou internacionais. &nbsp;<\/li>\n\n\n\n<li>Analisar, processar, avaliar ou comparar as informa\u00e7\u00f5es fornecidas, a fim de respeitar o regulamento relativo ao tratamento de dados.&nbsp;<\/li>\n<\/ul>\n\n\n\n<p>Se a Wild Expedition n\u00e3o estiver em condi\u00e7\u00f5es de efetuar ela pr\u00f3pria o tratamento dos dados pessoais, poder\u00e1 ced\u00ea-los para que sejam tratados por um terceiro, que ficar\u00e1 encarregue do tratamento dos dados e que ter\u00e1 de garantir a confidencialidade legal e as condi\u00e7\u00f5es de seguran\u00e7a relativamente \u00e0 informa\u00e7\u00e3o entregue para tratamento.&nbsp;<\/p>\n\n\n\n<p>A Wild Expedition poder\u00e1 utilizar e tratar dados pessoais sens\u00edveis quando :&nbsp;<\/p>\n\n\n\n<ul class=\"wp-block-list\">\n<li>O titular d\u00e1 o seu acordo expresso, exceto nos casos em que a lei n\u00e3o exija essa autoriza\u00e7\u00e3o.<\/li>\n\n\n\n<li>O tratamento de dados necess\u00e1rio para preservar os interesses vitais do Titular, que se encontra f\u00edsica e juridicamente num estado de incapacidade. Se for caso disso, os representantes legais ter\u00e3o de dar a sua autoriza\u00e7\u00e3o.&nbsp;<\/li>\n\n\n\n<li>O tratamento \u00e9 efectuado no \u00e2mbito de actividades leg\u00edtimas com garantias adequadas dadas por uma funda\u00e7\u00e3o, ONG, organiza\u00e7\u00e3o ou qualquer outro tipo de organiza\u00e7\u00e3o sem fins lucrativos com uma finalidade que pode ser: pol\u00edtica, filos\u00f3fica, religiosa ou sindical, que se refere sempre exclusivamente a membros e pessoas que mant\u00eam um contacto regular devido \u00e0 sua finalidade. Se for o caso, os dados podem ser fornecidos a terceiros sem a autoriza\u00e7\u00e3o do Titular.&nbsp;<\/li>\n\n\n\n<li>O tratamento refere-se a dados necess\u00e1rios para a aprecia\u00e7\u00e3o, o exerc\u00edcio ou a defesa de um direito num processo judicial.&nbsp;<\/li>\n\n\n\n<li>O tratamento tem uma finalidade hist\u00f3rica, estat\u00edstica ou cient\u00edfica. Se for caso disso, ser\u00e1 necess\u00e1rio adotar as medidas previstas para a reten\u00e7\u00e3o da identidade do Titular.&nbsp;<\/li>\n<\/ul>\n\n\n\n<p>Em qualquer caso, no que respeita ao tratamento de dados pessoais sens\u00edveis, \u00e9 necess\u00e1ria uma autoriza\u00e7\u00e3o pr\u00e9via, expl\u00edcita e informativa do Titular. A autoriza\u00e7\u00e3o ter\u00e1 de ser obtida de qualquer forma poss\u00edvel, desde que possa ser consultada e verificada posteriormente.&nbsp;<\/p>\n\n\n\n<p>Neste contexto, os dados pessoais recolhidos ser\u00e3o utilizados para os seguintes fins :&nbsp;<\/p>\n\n\n\n<ul class=\"wp-block-list\">\n<li>Efetuar internamente os c\u00e1lculos estat\u00edsticos, o controlo e o acompanhamento dos indicadores de medi\u00e7\u00e3o do fluxo na p\u00e1gina Web e a medi\u00e7\u00e3o do n\u00edvel de satisfa\u00e7\u00e3o.<\/li>\n\n\n\n<li>Produzir actividades de mercado e promover produtos e servi\u00e7os oferecidos pela EMPRESA e aliados estrat\u00e9gicos, enviando inqu\u00e9ritos, newsletter e correio (eletr\u00f3nico ou postal).&nbsp;<\/li>\n\n\n\n<li>Fornecer os produtos e\/ou executar os servi\u00e7os adquiridos dos nossos clientes e\/ou cumprir as obriga\u00e7\u00f5es relacionadas com esses servi\u00e7os. Por exemplo, informar os v\u00e1rios operadores de actividades tur\u00edsticas oferecidas sobre temas espec\u00edficos relacionados com as condi\u00e7\u00f5es e itiner\u00e1rios da atividade desenvolvida e\/ou sobre as restri\u00e7\u00f5es sanit\u00e1rias, medicamentos, dieta e\/ou qualquer outra informa\u00e7\u00e3o para o participante da atividade tur\u00edstica, operada direta ou indiretamente pela Empresa. Se necess\u00e1rio, durante o desenvolvimento do servi\u00e7o prestado, comunicar com o contacto de emerg\u00eancia.<\/li>\n\n\n\n<li>Cumprir obriga\u00e7\u00f5es legais, regulamentares ou contratuais que se desprendam das v\u00e1rias rela\u00e7\u00f5es jur\u00eddicas contratadas com o Titular dos dados pessoais (clientes, fornecedores, empregados).<\/li>\n<\/ul>\n\n\n\n<p>Os titulares de dados pessoais ter\u00e3o os seguintes direitos :&nbsp;<\/p>\n\n\n\n<ul class=\"wp-block-list\">\n<li>Conhecer, atualizar e retificar os dados pessoais junto da pessoa respons\u00e1vel pelo tratamento, ou exercer o direito sobre a pessoa que recebeu os dados ap\u00f3s uma transfer\u00eancia dos mesmos. Este direito pode ser exercido sobre dados que sejam, entre outros, parciais, inexactos, incompletos, fraccionados, enganosos ou cujo tratamento tenha sido expressamente proibido ou n\u00e3o autorizado.&nbsp;<\/li>\n\n\n\n<li>Solicitar uma prova da autoriza\u00e7\u00e3o dada ao Respons\u00e1vel pelo Tratamento, exceto se tal for explicitamente acordado como condi\u00e7\u00e3o necess\u00e1ria para o Tratamento.<\/li>\n\n\n\n<li>Ser informado do tratamento, mediante pedido pr\u00e9vio, em conformidade com a utiliza\u00e7\u00e3o dada aos dados pessoais.&nbsp;<\/li>\n\n\n\n<li>Apresentar uma queixa sobre uma viola\u00e7\u00e3o do regime de prote\u00e7\u00e3o de dados pessoais \u00e0 autoridade de supervis\u00e3o da ind\u00fastria e do com\u00e9rcio.<\/li>\n\n\n\n<li>Revogar a autoriza\u00e7\u00e3o e\/ou solicitar a elimina\u00e7\u00e3o dos dados pessoais quando o tratamento n\u00e3o respeitar os princ\u00edpios, direitos e garantias constitucionais e legais.&nbsp;<\/li>\n\n\n\n<li>Aceder livremente aos dados pessoais em curso.&nbsp;<\/li>\n\n\n\n<li>Pedir prazos de conserva\u00e7\u00e3o e de elimina\u00e7\u00e3o das informa\u00e7\u00f5es e atualizar os dados. &nbsp;<br>Em nome da empresa, processamos as informa\u00e7\u00f5es que nos fornece para lhe enviar informa\u00e7\u00f5es relacionadas com os nossos produtos e servi\u00e7os atrav\u00e9s de uma newsletter e para o contactar por correio eletr\u00f3nico ou telefone no contexto da sua viagem \u00e0 Am\u00e9rica Latina. Os dados fornecidos ser\u00e3o armazenados enquanto o utilizador n\u00e3o solicitar a cessa\u00e7\u00e3o da atividade. Os dados n\u00e3o ser\u00e3o transferidos para terceiros, exceto se existir uma obriga\u00e7\u00e3o legal. O utilizador tem o direito de obter a confirma\u00e7\u00e3o de que a Wild Expedition S.A.S. est\u00e1 a processar os seus dados pessoais e, por conseguinte, tem o direito de aceder aos seus dados pessoais, retificar os dados inexactos ou solicitar a sua remo\u00e7\u00e3o quando esses dados j\u00e1 n\u00e3o forem necess\u00e1rios para a finalidade para que foram inicialmente recolhidos.&nbsp;<\/li>\n<\/ul>\n\n\n\n<p>Para mais informa\u00e7\u00f5es, reclama\u00e7\u00f5es, actualiza\u00e7\u00f5es ou pedidos de remo\u00e7\u00e3o de dados, pode enviar-nos um e-mail para Caminho Municipal das Paredes 7, Casas Pr\u00f3ximas CCI 101 ) 9225-051 Porto da cruz<br>Ilha da Madeira ou um e-mail para <a href=\"mailto:info@wildexpedition.com\">info@wildexpedition.com<\/a>.<\/p>\n<\/div>","protected":false},"excerpt":{"rendered":"","protected":false},"author":27,"featured_media":0,"parent":0,"menu_order":7,"comment_status":"closed","ping_status":"closed","template":"","meta":{"_acf_changed":false,"_seopress_robots_primary_cat":"","_seopress_titles_title":"","_seopress_titles_desc":"Discover in full transparency the policy and privacy notice of the Aventure Colombia agency","_seopress_robots_index":"","iawp_total_views":42,"footnotes":""},"class_list":["post-18267","page","type-page","status-publish","hentry"],"acf":[],"_links":{"self":[{"href":"https:\/\/wildexpedition.com\/pt\/wp-json\/wp\/v2\/pages\/18267","targetHints":{"allow":["GET"]}}],"collection":[{"href":"https:\/\/wildexpedition.com\/pt\/wp-json\/wp\/v2\/pages"}],"about":[{"href":"https:\/\/wildexpedition.com\/pt\/wp-json\/wp\/v2\/types\/page"}],"author":[{"embeddable":true,"href":"https:\/\/wildexpedition.com\/pt\/wp-json\/wp\/v2\/users\/27"}],"replies":[{"embeddable":true,"href":"https:\/\/wildexpedition.com\/pt\/wp-json\/wp\/v2\/comments?post=18267"}],"version-history":[{"count":1,"href":"https:\/\/wildexpedition.com\/pt\/wp-json\/wp\/v2\/pages\/18267\/revisions"}],"predecessor-version":[{"id":79618,"href":"https:\/\/wildexpedition.com\/pt\/wp-json\/wp\/v2\/pages\/18267\/revisions\/79618"}],"wp:attachment":[{"href":"https:\/\/wildexpedition.com\/pt\/wp-json\/wp\/v2\/media?parent=18267"}],"curies":[{"name":"wp","href":"https:\/\/api.w.org\/{rel}","templated":true}]}}