{"id":78777,"date":"2023-11-07T15:21:46","date_gmt":"2023-11-07T20:21:46","guid":{"rendered":"https:\/\/wildexpedition.com\/?page_id=78777"},"modified":"2024-06-08T08:17:26","modified_gmt":"2024-06-08T13:17:26","slug":"viagens-de-fixacao-e-de-imprensa-a-america-latina","status":"publish","type":"page","link":"https:\/\/wildexpedition.com\/pt\/viagens-de-fixacao-e-de-imprensa-a-america-latina\/","title":{"rendered":"Descubra a Am\u00e9rica do Sul com os Pioneiros da Aventura"},"content":{"rendered":"<div class=\"wp-block-remote-x-blocks-container\">\n<h3 class=\"wp-block-heading\">Aventure Colombia &amp; WildExpedition: Criando viagens exclusivas para os curiosos e criativos<\/h3>\n\n\n\n<p>Descubra um mundo de aventura com a Aventure Colombia e a Wild Expedition, l\u00edderes em experi\u00eancias de viagem personalizadas e coordena\u00e7\u00e3o de viagens de imprensa. Com quase vinte anos de experi\u00eancia pioneira, aventur\u00e1mo-nos em territ\u00f3rios inexplorados, recebendo com orgulho os primeiros jornalistas da Lonely Planet na Col\u00f4mbia. Agora, estamos animados para ampliar nossos horizontes e oferecer viagens inesquec\u00edveis por toda a Am\u00e9rica do Sul.<\/p>\n<\/div>\n\n\n\n<div class=\"wp-block-remote-x-blocks-container columns-2 column-on--s column-on--m reverse-columns-2 gap-m\">\n<figure class=\"wp-block-image size-large\"><img alt=\"\" decoding=\"async\" src=\"https:\/\/wildexpedition.com\/wp-content\/uploads\/2023\/11\/Fixer-in-Colombia-and-Latin-America-626x352.jpg\" class=\"wp-image-78780\"\/><\/figure>\n\n\n\n<div class=\"wp-block-remote-x-blocks-container\">\n<h2 class=\"wp-block-heading\">Uma Ag\u00eancia Especializada na Excel\u00eancia Audiovisual<\/h2>\n\n\n\n<p>Tem um projeto audiovisual na Col\u00f4mbia? Vamos <a href=\"https:\/\/aventurecolombia.com\/\">Aventure Colombia<\/a> e a Wild Expedition transformam a sua vis\u00e3o numa realidade v\u00edvida. Com a nossa experi\u00eancia, o seu document\u00e1rio ser\u00e1 mais do que um mero projeto; ser\u00e1 uma viagem de uma hist\u00f3ria convincente. N\u00f3s tratamos da log\u00edstica; voc\u00ea capta a magia.<\/p>\n<\/div>\n<\/div>\n\n\n\n<div class=\"wp-block-remote-x-blocks-container auto-grid\">\n<div class=\"wp-block-remote-x-blocks-container\">\n<h4 class=\"wp-block-heading\">Log\u00edstica que liberta a criatividade<\/h4>\n\n\n\n<ul class=\"wp-block-list\">\n<li><strong>Solu\u00e7\u00f5es de alojamento \u00e0 medida<\/strong>: Desde alojamentos na selva a o\u00e1sis urbanos, encontre a sua estadia perfeita.<\/li>\n\n\n\n<li><strong>Mobilidade \u00e0 sua medida<\/strong>: Aceder \u00e0 nossa frota para aluguer de ve\u00edculos e transporte privado.<\/li>\n\n\n\n<li><strong>Liberte a sua vis\u00e3o<\/strong>: Equipamento profissional para fotografia, v\u00eddeo, drones e campismo na ponta dos dedos.<\/li>\n<\/ul>\n<\/div>\n\n\n\n<figure class=\"wp-block-image size-full\"><img alt=\"\" loading=\"lazy\" decoding=\"async\" width=\"750\" height=\"501\" src=\"https:\/\/wildexpedition.com\/wp-content\/uploads\/2023\/11\/Press-trip-Colombia-and-Latin-America-WildExpedition-and-Aventure-Colombia-18.jpg\" class=\"wp-image-78827\" srcset=\"https:\/\/wildexpedition.com\/wp-content\/uploads\/2023\/11\/Press-trip-Colombia-and-Latin-America-WildExpedition-and-Aventure-Colombia-18.jpg 750w, https:\/\/wildexpedition.com\/wp-content\/uploads\/2023\/11\/Press-trip-Colombia-and-Latin-America-WildExpedition-and-Aventure-Colombia-18-400x267.jpg 400w, https:\/\/wildexpedition.com\/wp-content\/uploads\/2023\/11\/Press-trip-Colombia-and-Latin-America-WildExpedition-and-Aventure-Colombia-18-689x460.jpg 689w, https:\/\/wildexpedition.com\/wp-content\/uploads\/2023\/11\/Press-trip-Colombia-and-Latin-America-WildExpedition-and-Aventure-Colombia-18-380x254.jpg 380w, https:\/\/wildexpedition.com\/wp-content\/uploads\/2023\/11\/Press-trip-Colombia-and-Latin-America-WildExpedition-and-Aventure-Colombia-18-328x219.jpg 328w, https:\/\/wildexpedition.com\/wp-content\/uploads\/2023\/11\/Press-trip-Colombia-and-Latin-America-WildExpedition-and-Aventure-Colombia-18-250x167.jpg 250w, https:\/\/wildexpedition.com\/wp-content\/uploads\/2023\/11\/Press-trip-Colombia-and-Latin-America-WildExpedition-and-Aventure-Colombia-18-18x12.jpg 18w\" sizes=\"auto, (max-width: 750px) 100vw, 750px\" \/><\/figure>\n<\/div>\n\n\n\n<div class=\"wp-block-remote-x-blocks-container columns-2 column-on--s column-on--m reverse-columns-2 gap-m\">\n<figure class=\"wp-block-image size-full\"><img alt=\"\" loading=\"lazy\" decoding=\"async\" width=\"1200\" height=\"677\" src=\"https:\/\/wildexpedition.com\/wp-content\/uploads\/2023\/11\/Press-trip-Colombia-and-Latin-America-WildExpedition-and-Aventure-Colombia-17.jpg\" class=\"wp-image-78826\" srcset=\"https:\/\/wildexpedition.com\/wp-content\/uploads\/2023\/11\/Press-trip-Colombia-and-Latin-America-WildExpedition-and-Aventure-Colombia-17.jpg 1200w, https:\/\/wildexpedition.com\/wp-content\/uploads\/2023\/11\/Press-trip-Colombia-and-Latin-America-WildExpedition-and-Aventure-Colombia-17-400x226.jpg 400w, https:\/\/wildexpedition.com\/wp-content\/uploads\/2023\/11\/Press-trip-Colombia-and-Latin-America-WildExpedition-and-Aventure-Colombia-17-689x389.jpg 689w, https:\/\/wildexpedition.com\/wp-content\/uploads\/2023\/11\/Press-trip-Colombia-and-Latin-America-WildExpedition-and-Aventure-Colombia-17-768x433.jpg 768w, https:\/\/wildexpedition.com\/wp-content\/uploads\/2023\/11\/Press-trip-Colombia-and-Latin-America-WildExpedition-and-Aventure-Colombia-17-380x214.jpg 380w, https:\/\/wildexpedition.com\/wp-content\/uploads\/2023\/11\/Press-trip-Colombia-and-Latin-America-WildExpedition-and-Aventure-Colombia-17-328x185.jpg 328w, https:\/\/wildexpedition.com\/wp-content\/uploads\/2023\/11\/Press-trip-Colombia-and-Latin-America-WildExpedition-and-Aventure-Colombia-17-250x141.jpg 250w, https:\/\/wildexpedition.com\/wp-content\/uploads\/2023\/11\/Press-trip-Colombia-and-Latin-America-WildExpedition-and-Aventure-Colombia-17-18x10.jpg 18w, https:\/\/wildexpedition.com\/wp-content\/uploads\/2023\/11\/Press-trip-Colombia-and-Latin-America-WildExpedition-and-Aventure-Colombia-17-800x451.jpg 800w\" sizes=\"auto, (max-width: 1200px) 100vw, 1200px\" \/><\/figure>\n\n\n\n<div class=\"wp-block-remote-x-blocks-container\">\n<h3 class=\"wp-block-heading\">Suporte t\u00e9cnico que melhora a sua hist\u00f3ria<\/h3>\n\n\n\n<ul class=\"wp-block-list\">\n<li><strong>Aquisi\u00e7\u00e3o de licen\u00e7as<\/strong>: Navegue facilmente pelas legalidades para fotografar em terra e com drones.<\/li>\n\n\n\n<li><strong>Recursos visuais ricos<\/strong>: Mergulhe no nosso vasto banco de imagens e v\u00eddeos.<\/li>\n<\/ul>\n<\/div>\n<\/div>\n\n\n\n<div class=\"wp-block-remote-x-blocks-container auto-grid\">\n<div class=\"wp-block-remote-x-blocks-container\">\n<h3 class=\"wp-block-heading\">Uma rede que n\u00e3o conhece limites<\/h3>\n\n\n\n<ul class=\"wp-block-list\">\n<li><strong>Liga\u00e7\u00f5es em todo o pa\u00eds<\/strong>: Aproveite o nosso alcance a partir de cinco escrit\u00f3rios estrat\u00e9gicos.<\/li>\n\n\n\n<li><strong>Condutas culturais<\/strong>: Colaborar com guias e tradutores locais para obter narrativas aut\u00eanticas.<\/li>\n\n\n\n<li><strong>Aconselhamento sobre conte\u00fados personalizados<\/strong>: Beneficie de conselhos no terreno para obter um conte\u00fado que tenha impacto.<\/li>\n<\/ul>\n<\/div>\n\n\n\n<figure class=\"wp-block-image size-large\"><img decoding=\"async\" src=\"https:\/\/wildexpedition.com\/wp-content\/uploads\/2023\/08\/Araracuara-Caqueta-Colombia-@MatBohringer-1200x800.jpg\" alt=\"Araracuara Caqueta Col\u00f4mbia @MatBohringer\" class=\"wp-image-71976\"\/><\/figure>\n<\/div>\n\n\n\n<div class=\"wp-block-remote-x-blocks-container section\">\n<h2 class=\"wp-block-heading quotation has-theme-palette-8-color has-text-color\">Do conceito \u00e0 cria\u00e7\u00e3o - deixe a Wild Expedition e a Aventure Colombia dar vida \u00e0 sua narrativa sul-americana!<\/h2>\n<\/div>","protected":false},"excerpt":{"rendered":"","protected":false},"author":28,"featured_media":0,"parent":0,"menu_order":0,"comment_status":"closed","ping_status":"closed","template":"","meta":{"_acf_changed":false,"_seopress_robots_primary_cat":"","_seopress_titles_title":"","_seopress_titles_desc":"","_seopress_robots_index":"","iawp_total_views":87,"footnotes":""},"class_list":["post-78777","page","type-page","status-publish","hentry"],"acf":[],"_links":{"self":[{"href":"https:\/\/wildexpedition.com\/pt\/wp-json\/wp\/v2\/pages\/78777","targetHints":{"allow":["GET"]}}],"collection":[{"href":"https:\/\/wildexpedition.com\/pt\/wp-json\/wp\/v2\/pages"}],"about":[{"href":"https:\/\/wildexpedition.com\/pt\/wp-json\/wp\/v2\/types\/page"}],"author":[{"embeddable":true,"href":"https:\/\/wildexpedition.com\/pt\/wp-json\/wp\/v2\/users\/28"}],"replies":[{"embeddable":true,"href":"https:\/\/wildexpedition.com\/pt\/wp-json\/wp\/v2\/comments?post=78777"}],"version-history":[{"count":14,"href":"https:\/\/wildexpedition.com\/pt\/wp-json\/wp\/v2\/pages\/78777\/revisions"}],"predecessor-version":[{"id":86075,"href":"https:\/\/wildexpedition.com\/pt\/wp-json\/wp\/v2\/pages\/78777\/revisions\/86075"}],"wp:attachment":[{"href":"https:\/\/wildexpedition.com\/pt\/wp-json\/wp\/v2\/media?parent=78777"}],"curies":[{"name":"wp","href":"https:\/\/api.w.org\/{rel}","templated":true}]}}